{"id":320,"date":"2020-04-01T15:12:54","date_gmt":"2020-04-01T15:12:54","guid":{"rendered":"http:\/\/schutzmasken-bergstrasse.de\/?page_id=320"},"modified":"2023-02-08T08:29:57","modified_gmt":"2023-02-08T08:29:57","slug":"shop","status":"publish","type":"page","link":"https:\/\/www.wirsindbergstrasse.de\/?page_id=320","title":{"rendered":"Ihre Spende f\u00fcr Gutes"},"content":{"rendered":"\n<h2>Unterst\u00fctzen Sie die aktuellen Projekte des Vereins <\/h2>\n\n\n\n<h2>Wir sind Bergstra\u00dfe e.V.<\/h2>\n\n\n\n<div class=\"wp-container-2 wp-block-group\"><div class=\"wp-block-group__inner-container\">\n<div class=\"wp-container-1 wp-block-group\"><div class=\"wp-block-group__inner-container\">\n<h5><br>Die IBAN f\u00fcr das Konto <\/h5>\n\n\n\n<h5>Sparkasse Bensheim <\/h5>\n\n\n\n<h5>IBAN DE96 5095 0068 0002 1539 48<\/h5>\n<\/div><\/div>\n<\/div><\/div>\n\n\n\n<p>Oder ihre Spende direkt per QR Code:<\/p>\n\n\n\n<figure class=\"wp-block-image size-large\"><img loading=\"lazy\" width=\"200\" height=\"200\" src=\"http:\/\/www.wirsindbergstrasse.de\/wp-content\/uploads\/2022\/03\/image-200x200.png\" alt=\"\" class=\"wp-image-634\" srcset=\"https:\/\/www.wirsindbergstrasse.de\/wp-content\/uploads\/2022\/03\/image-200x200.png 200w, https:\/\/www.wirsindbergstrasse.de\/wp-content\/uploads\/2022\/03\/image-150x150.png 150w, https:\/\/www.wirsindbergstrasse.de\/wp-content\/uploads\/2022\/03\/image-50x50.png 50w, https:\/\/www.wirsindbergstrasse.de\/wp-content\/uploads\/2022\/03\/image.png 268w\" sizes=\"(max-width: 200px) 100vw, 200px\" \/><\/figure>\n\n\n\n<p>Ab 300 Euro erhalten Sie gerne eine Spendenquittung <\/p>\n\n\n\n<p>denn erst bei Spenden \u00fcber 300 Euro pro Jahr besteht eine Verpflichtung gegen\u00fcber dem Finanzamt, die geleisteten Spenden mit einer Spendenbescheinigung nachzuweisen. (vorher reicht ein Kontoauszug aus!)<\/p>\n\n\n\n<p>BITTE vergessen Sie nicht ihre Adresse mit zu \u00fcbermitteln! Ohne Adresse k\u00f6nnen wir die Spendenquittung nicht austellen! <\/p>\n\n\n\n<p>&#8230;.und bitte haben Sie etwas Geduld mit uns, wir stellen ca. alle 8 Wochen Spendenquittungen aus. Wir betreiben diesen Verein im Ehrenamt und haben sowohl beruflich als auch privat noch viele weitere Verpflichtungen. Ein herzliches Dankesch\u00f6n.<\/p>\n","protected":false},"excerpt":{"rendered":"<p>Unterst\u00fctzen Sie die aktuellen Projekte des Vereins Wir sind Bergstra\u00dfe e.V. Die IBAN f\u00fcr das Konto Sparkasse Bensheim IBAN DE96 5095 0068 0002 1539 48 Oder ihre Spende direkt per QR Code: Ab 300 Euro erhalten Sie gerne eine Spendenquittung denn erst bei Spenden \u00fcber 300 Euro pro Jahr besteht eine Verpflichtung gegen\u00fcber dem Finanzamt, &hellip; <\/p>\n<p><a class=\"more-link btn\" href=\"https:\/\/www.wirsindbergstrasse.de\/?page_id=320\">Continue reading<\/a><\/p>\n","protected":false},"author":1,"featured_media":0,"parent":0,"menu_order":6,"comment_status":"closed","ping_status":"closed","template":"","meta":[],"_links":{"self":[{"href":"https:\/\/www.wirsindbergstrasse.de\/index.php?rest_route=\/wp\/v2\/pages\/320"}],"collection":[{"href":"https:\/\/www.wirsindbergstrasse.de\/index.php?rest_route=\/wp\/v2\/pages"}],"about":[{"href":"https:\/\/www.wirsindbergstrasse.de\/index.php?rest_route=\/wp\/v2\/types\/page"}],"author":[{"embeddable":true,"href":"https:\/\/www.wirsindbergstrasse.de\/index.php?rest_route=\/wp\/v2\/users\/1"}],"replies":[{"embeddable":true,"href":"https:\/\/www.wirsindbergstrasse.de\/index.php?rest_route=%2Fwp%2Fv2%2Fcomments&post=320"}],"version-history":[{"count":9,"href":"https:\/\/www.wirsindbergstrasse.de\/index.php?rest_route=\/wp\/v2\/pages\/320\/revisions"}],"predecessor-version":[{"id":985,"href":"https:\/\/www.wirsindbergstrasse.de\/index.php?rest_route=\/wp\/v2\/pages\/320\/revisions\/985"}],"wp:attachment":[{"href":"https:\/\/www.wirsindbergstrasse.de\/index.php?rest_route=%2Fwp%2Fv2%2Fmedia&parent=320"}],"curies":[{"name":"wp","href":"https:\/\/api.w.org\/{rel}","templated":true}]}}