{"id":126,"date":"2020-04-01T09:26:10","date_gmt":"2020-04-01T09:26:10","guid":{"rendered":"http:\/\/schutzmasken-bergstrasse.de\/?page_id=126"},"modified":"2020-05-10T09:21:57","modified_gmt":"2020-05-10T09:21:57","slug":"links","status":"publish","type":"page","link":"https:\/\/www.wirsindbergstrasse.de\/?page_id=126","title":{"rendered":"Spender"},"content":{"rendered":"\n<p>Unser Dank gilt den vielen gro\u00dfz\u00fcgigen Spendern<\/p>\n\n\n\n<ul><li>wie die 22 Gemeinden des Kreis Bergstra\u00dfe, <\/li><li>TE Connectivity Germany GmbH, <\/li><li>GGEW, <\/li><li>Sparkasse Bensheim, <\/li><li>Hereinspaziert, <\/li><li>Energiegenossenschaft Starkenburg eG, <\/li><li>Infectopharm, <\/li><li>Dr. Reckeweg, <\/li><li>ScholzPharma GmbH, <\/li><li>Graichen Vertriebs- und Produktions GmbH,<\/li><li>BASF<\/li><li>und viele andere&#8230;&#8230;<\/li><\/ul>\n\n\n\n<figure class=\"wp-block-image size-large\"><img loading=\"lazy\" width=\"1524\" height=\"914\" src=\"http:\/\/schutzmasken-bergstrasse.de\/wp-content\/uploads\/2020\/05\/2020-04-1126-1524x914.jpg\" alt=\"\" class=\"wp-image-472\" srcset=\"https:\/\/www.wirsindbergstrasse.de\/wp-content\/uploads\/2020\/05\/2020-04-1126-1524x914.jpg 1524w, https:\/\/www.wirsindbergstrasse.de\/wp-content\/uploads\/2020\/05\/2020-04-1126-500x300.jpg 500w, https:\/\/www.wirsindbergstrasse.de\/wp-content\/uploads\/2020\/05\/2020-04-1126-768x461.jpg 768w, https:\/\/www.wirsindbergstrasse.de\/wp-content\/uploads\/2020\/05\/2020-04-1126-1536x922.jpg 1536w, https:\/\/www.wirsindbergstrasse.de\/wp-content\/uploads\/2020\/05\/2020-04-1126-2048x1229.jpg 2048w\" sizes=\"(max-width: 1524px) 100vw, 1524px\" \/><\/figure>\n","protected":false},"excerpt":{"rendered":"<p>Unser Dank gilt den vielen gro\u00dfz\u00fcgigen Spendern wie die 22 Gemeinden des Kreis Bergstra\u00dfe, TE Connectivity Germany GmbH, GGEW, Sparkasse Bensheim, Hereinspaziert, Energiegenossenschaft Starkenburg eG, Infectopharm, Dr. Reckeweg, ScholzPharma GmbH, Graichen Vertriebs- und Produktions GmbH, BASF und viele andere&#8230;&#8230;<\/p>\n","protected":false},"author":1,"featured_media":0,"parent":0,"menu_order":5,"comment_status":"closed","ping_status":"closed","template":"","meta":[],"_links":{"self":[{"href":"https:\/\/www.wirsindbergstrasse.de\/index.php?rest_route=\/wp\/v2\/pages\/126"}],"collection":[{"href":"https:\/\/www.wirsindbergstrasse.de\/index.php?rest_route=\/wp\/v2\/pages"}],"about":[{"href":"https:\/\/www.wirsindbergstrasse.de\/index.php?rest_route=\/wp\/v2\/types\/page"}],"author":[{"embeddable":true,"href":"https:\/\/www.wirsindbergstrasse.de\/index.php?rest_route=\/wp\/v2\/users\/1"}],"replies":[{"embeddable":true,"href":"https:\/\/www.wirsindbergstrasse.de\/index.php?rest_route=%2Fwp%2Fv2%2Fcomments&post=126"}],"version-history":[{"count":4,"href":"https:\/\/www.wirsindbergstrasse.de\/index.php?rest_route=\/wp\/v2\/pages\/126\/revisions"}],"predecessor-version":[{"id":484,"href":"https:\/\/www.wirsindbergstrasse.de\/index.php?rest_route=\/wp\/v2\/pages\/126\/revisions\/484"}],"wp:attachment":[{"href":"https:\/\/www.wirsindbergstrasse.de\/index.php?rest_route=%2Fwp%2Fv2%2Fmedia&parent=126"}],"curies":[{"name":"wp","href":"https:\/\/api.w.org\/{rel}","templated":true}]}}